{"id":251,"date":"2021-01-30T08:36:13","date_gmt":"2021-01-30T08:36:13","guid":{"rendered":"https:\/\/katikaiser.at\/?page_id=251"},"modified":"2021-01-30T08:51:58","modified_gmt":"2021-01-30T08:51:58","slug":"impressum","status":"publish","type":"page","link":"https:\/\/katikaiser.at\/?page_id=251","title":{"rendered":"Impressum"},"content":{"rendered":"<p>[et_pb_section fb_built=&#8220;1&#8243; admin_label=&#8220;Welcome To Royal&#8220; module_id=&#8220;ueber-mich&#8220; _builder_version=&#8220;4.6.5&#8243; background_color=&#8220;#ffffff&#8220; background_position=&#8220;top_left&#8220; custom_padding=&#8220;100px|0px|100px|0px&#8220; collapsed=&#8220;off&#8220;][et_pb_row _builder_version=&#8220;3.25&#8243; background_size=&#8220;initial&#8220; background_position=&#8220;top_left&#8220; background_repeat=&#8220;repeat&#8220; custom_margin=&#8220;|||&#8220; custom_padding=&#8220;|||&#8220; column_structure=&#8220;2_5,3_5&#8243;][et_pb_column type=&#8220;2_5&#8243; _builder_version=&#8220;3.25&#8243; background_position=&#8220;top_left&#8220; custom_padding=&#8220;60px|||&#8220; custom_padding__hover=&#8220;|||&#8220;][et_pb_divider show_divider=&#8220;off&#8220; _builder_version=&#8220;3.2&#8243; max_width=&#8220;60px&#8220; module_alignment=&#8220;left&#8220; custom_margin=&#8220;||10px|&#8220; saved_tabs=&#8220;all&#8220; locked=&#8220;off&#8220;][\/et_pb_divider][et_pb_text disabled_on=&#8220;off|off|off&#8220; _builder_version=&#8220;4.6.5&#8243; text_font=&#8220;||||||||&#8220; header_font=&#8220;Oswald|700||on|||||&#8220; header_text_color=&#8220;#000000&#8243; header_font_size=&#8220;60px&#8220; header_2_font=&#8220;Playfair Display||||&#8220; header_2_text_color=&#8220;#000000&#8243; header_2_font_size=&#8220;48px&#8220; header_2_line_height=&#8220;1.3em&#8220; background_size=&#8220;initial&#8220; background_position=&#8220;top_left&#8220; background_repeat=&#8220;repeat&#8220; header_text_color_tablet=&#8220;#000000&#8243; header_text_color_phone=&#8220;#000000&#8243; header_text_color_last_edited=&#8220;on|phone&#8220; header_2_text_color_tablet=&#8220;#000000&#8243; header_2_text_color_phone=&#8220;#000000&#8243; header_2_text_color_last_edited=&#8220;on|phone&#8220; header_font_size__hover=&#8220;30px&#8220; header_font_size__hover_enabled=&#8220;30px&#8220; header_letter_spacing__hover=&#8220;0px&#8220; header_letter_spacing__hover_enabled=&#8220;0px&#8220; header_text_shadow_style__hover=&#8220;none&#8220; header_text_shadow_style__hover_enabled=&#8220;none&#8220; header_text_shadow_color__hover=&#8220;rgba(0,0,0,0.4)&#8220; header_text_shadow_color__hover_enabled=&#8220;rgba(0,0,0,0.4)&#8220;]<\/p>\n<h1>Impressum<\/h1>\n<p>[\/et_pb_text][et_pb_divider color=&#8220;#e02b20&#8243; divider_weight=&#8220;3px&#8220; _builder_version=&#8220;4.6.5&#8243; _module_preset=&#8220;default&#8220; width=&#8220;50%&#8220; module_alignment=&#8220;left&#8220;][\/et_pb_divider][et_pb_text _builder_version=&#8220;4.8.1&#8243; text_font=&#8220;Oswald||||||||&#8220; text_text_color=&#8220;#939393&#8243; text_font_size=&#8220;20px&#8220; text_line_height=&#8220;1.8em&#8220; header_font=&#8220;||||&#8220; background_size=&#8220;initial&#8220; background_position=&#8220;top_left&#8220; background_repeat=&#8220;repeat&#8220; max_width=&#8220;700px&#8220; animation_style=&#8220;slide&#8220; animation_direction=&#8220;top&#8220; animation_intensity_slide=&#8220;4%&#8220; hover_enabled=&#8220;0&#8243; sticky_enabled=&#8220;0&#8243;]<\/p>\n<p>OFFENLEGUNG NACH \u00a725 MEDIENGESETZ<\/p>\n<p><span style=\"color: #000000;\">MEDIENINHABER UND HERAUSGEBER<\/span><br \/> Katrin Kaiser<br \/> T: +43(664)2441897<br \/> E: katrinkaiser.kk@gmail.com<\/p>\n<p><span style=\"color: #000000;\">LABEL<\/span><br \/> Katie Kay Music<\/p>\n<p><span style=\"color: #000000;\">WEBDESIGN<\/span><br \/> Philip Wildenauer &#8211; <a href=\"https:\/\/www.wildsolutions.at\" target=\"_blank\" rel=\"noopener noreferrer\" title=\"wildsolutions.at\">wildsolutions.at<\/a><\/p>\n<p><span style=\"color: #000000;\">FOTOS<\/span><br \/> Christoph Adamek<\/p>\n<p><span style=\"color: #000000;\">PRESSEARBEIT<\/span><br \/> Sonja Sagan<\/p>\n<p><span style=\"color: #000000;\">RICHTLINIE DER WEBSITE<\/span><br \/> Vorstellung der Singer-Songwriterin Kati Kaiser und ihrer Werke<\/p>\n<p>[\/et_pb_text][\/et_pb_column][et_pb_column type=&#8220;3_5&#8243; _builder_version=&#8220;3.25&#8243; background_position=&#8220;top_left&#8220; custom_padding=&#8220;60px|||&#8220; custom_padding__hover=&#8220;|||&#8220;][et_pb_text _builder_version=&#8220;4.8.1&#8243; text_font=&#8220;Oswald||||||||&#8220; text_text_color=&#8220;#939393&#8243; text_font_size=&#8220;20px&#8220; text_line_height=&#8220;1.8em&#8220; header_font=&#8220;||||&#8220; background_size=&#8220;initial&#8220; background_position=&#8220;top_left&#8220; background_repeat=&#8220;repeat&#8220; max_width=&#8220;700px&#8220; animation_style=&#8220;slide&#8220; animation_direction=&#8220;top&#8220; animation_intensity_slide=&#8220;4%&#8220; hover_enabled=&#8220;0&#8243; sticky_enabled=&#8220;0&#8243;]<\/p>\n<p><span style=\"color: #000000;\">HAFTUNGSAUSSCHLUSS<\/span><br \/> Im Hinblick auf die technischen Eigenschaften des Internet kann<br \/> keine Gew\u00e4hr f\u00fcr die Authentizit\u00e4t, Richtigkeit und Vollst\u00e4ndigkeit<br \/> der im Internet zur Verf\u00fcgung gestellten Informationen<br \/> \u00fcbernommen werden. Es wird auch keine Gew\u00e4hr f\u00fcr die<br \/> Verf\u00fcgbarkeit oder den Betrieb der gegenst\u00e4ndlichen Homepage<br \/> und ihrer Inhalte \u00fcbernommen. Jede Haftung f\u00fcr unmittelbare,<br \/> mittelbare oder sonstige Sch\u00e4den, unabh\u00e4ngig von deren<br \/> Ursachen, die aus der Benutzung oder Nichtverf\u00fcgbarkeit der Daten<br \/> und Informationen dieser Homepage erwachsen, wird, soweit<br \/> rechtlich zul\u00e4ssig, ausgeschlossen. Der Inhalt dieser Homepage ist<br \/> urheberrechtlich gesch\u00fctzt. Die Informationen sind nur f\u00fcr die<br \/> pers\u00f6nliche Verwendung bestimmt. Jede weitergehende Nutzung<br \/> insbesondere die Speicherung in Datenbanken, Vervielf\u00e4ltigung<br \/> und jede Form von gewerblicher Nutzung sowie die Weitergabe an<br \/> Dritte &#8211; auch in Teilen oder in \u00fcberarbeiteter Form &#8211; ohne<br \/> Zustimmung ist untersagt. Hyperlinks auf www.limavera.at sind<br \/> willkommen. Jede Einbindung einzelner Seiten unseres Angebotes<br \/> in fremde Frames ist zu unterlassen.<\/p>\n<p>[\/et_pb_text][\/et_pb_column][\/et_pb_row][\/et_pb_section]<\/p>\n","protected":false},"excerpt":{"rendered":"<p>ImpressumOFFENLEGUNG NACH \u00a725 MEDIENGESETZ MEDIENINHABER UND HERAUSGEBER Katrin Kaiser T: +43(664)2441897 E: katrinkaiser.kk@gmail.com LABEL Katie Kay Music WEBDESIGN Philip Wildenauer &#8211; wildsolutions.at FOTOS Christoph Adamek PRESSEARBEIT Sonja Sagan RICHTLINIE DER WEBSITE Vorstellung der Singer-Songwriterin Kati Kaiser und ihrer Werke HAFTUNGSAUSSCHLUSS Im Hinblick auf die technischen Eigenschaften des Internet kann keine Gew\u00e4hr f\u00fcr die Authentizit\u00e4t, Richtigkeit [&hellip;]<\/p>\n","protected":false},"author":1,"featured_media":0,"parent":0,"menu_order":0,"comment_status":"closed","ping_status":"closed","template":"","meta":{"_et_pb_use_builder":"on","_et_pb_old_content":"","_et_gb_content_width":"","footnotes":""},"class_list":["post-251","page","type-page","status-publish","hentry"],"yoast_head":"<!-- This site is optimized with the Yoast SEO plugin v24.7 - https:\/\/yoast.com\/wordpress\/plugins\/seo\/ -->\n<title>Impressum - Kati Kaiser<\/title>\n<meta name=\"robots\" content=\"index, follow, max-snippet:-1, max-image-preview:large, max-video-preview:-1\" \/>\n<link rel=\"canonical\" href=\"https:\/\/katikaiser.at\/?page_id=251\" \/>\n<meta property=\"og:locale\" content=\"de_DE\" \/>\n<meta property=\"og:type\" content=\"article\" \/>\n<meta property=\"og:title\" content=\"Impressum - Kati Kaiser\" \/>\n<meta property=\"og:description\" content=\"ImpressumOFFENLEGUNG NACH \u00a725 MEDIENGESETZ MEDIENINHABER UND HERAUSGEBER Katrin Kaiser T: +43(664)2441897 E: katrinkaiser.kk@gmail.com LABEL Katie Kay Music WEBDESIGN Philip Wildenauer - wildsolutions.at FOTOS Christoph Adamek PRESSEARBEIT Sonja Sagan RICHTLINIE DER WEBSITE Vorstellung der Singer-Songwriterin Kati Kaiser und ihrer Werke HAFTUNGSAUSSCHLUSS Im Hinblick auf die technischen Eigenschaften des Internet kann keine Gew\u00e4hr f\u00fcr die Authentizit\u00e4t, Richtigkeit [&hellip;]\" \/>\n<meta property=\"og:url\" content=\"https:\/\/katikaiser.at\/?page_id=251\" \/>\n<meta property=\"og:site_name\" content=\"Kati Kaiser\" \/>\n<meta property=\"article:modified_time\" content=\"2021-01-30T08:51:58+00:00\" \/>\n<meta name=\"twitter:card\" content=\"summary_large_image\" \/>\n<meta name=\"twitter:label1\" content=\"Gesch\u00e4tzte Lesezeit\" \/>\n\t<meta name=\"twitter:data1\" content=\"3\u00a0Minuten\" \/>\n<script type=\"application\/ld+json\" class=\"yoast-schema-graph\">{\"@context\":\"https:\/\/schema.org\",\"@graph\":[{\"@type\":\"WebPage\",\"@id\":\"https:\/\/katikaiser.at\/?page_id=251\",\"url\":\"https:\/\/katikaiser.at\/?page_id=251\",\"name\":\"Impressum - Kati Kaiser\",\"isPartOf\":{\"@id\":\"https:\/\/katikaiser.at\/#website\"},\"datePublished\":\"2021-01-30T08:36:13+00:00\",\"dateModified\":\"2021-01-30T08:51:58+00:00\",\"breadcrumb\":{\"@id\":\"https:\/\/katikaiser.at\/?page_id=251#breadcrumb\"},\"inLanguage\":\"de\",\"potentialAction\":[{\"@type\":\"ReadAction\",\"target\":[\"https:\/\/katikaiser.at\/?page_id=251\"]}]},{\"@type\":\"BreadcrumbList\",\"@id\":\"https:\/\/katikaiser.at\/?page_id=251#breadcrumb\",\"itemListElement\":[{\"@type\":\"ListItem\",\"position\":1,\"name\":\"Startseite\",\"item\":\"https:\/\/katikaiser.at\/\"},{\"@type\":\"ListItem\",\"position\":2,\"name\":\"Impressum\"}]},{\"@type\":\"WebSite\",\"@id\":\"https:\/\/katikaiser.at\/#website\",\"url\":\"https:\/\/katikaiser.at\/\",\"name\":\"Kati Kaiser\",\"description\":\"Musican &amp; Singer\",\"potentialAction\":[{\"@type\":\"SearchAction\",\"target\":{\"@type\":\"EntryPoint\",\"urlTemplate\":\"https:\/\/katikaiser.at\/?s={search_term_string}\"},\"query-input\":{\"@type\":\"PropertyValueSpecification\",\"valueRequired\":true,\"valueName\":\"search_term_string\"}}],\"inLanguage\":\"de\"}]}<\/script>\n<!-- \/ Yoast SEO plugin. -->","yoast_head_json":{"title":"Impressum - Kati Kaiser","robots":{"index":"index","follow":"follow","max-snippet":"max-snippet:-1","max-image-preview":"max-image-preview:large","max-video-preview":"max-video-preview:-1"},"canonical":"https:\/\/katikaiser.at\/?page_id=251","og_locale":"de_DE","og_type":"article","og_title":"Impressum - Kati Kaiser","og_description":"ImpressumOFFENLEGUNG NACH \u00a725 MEDIENGESETZ MEDIENINHABER UND HERAUSGEBER Katrin Kaiser T: +43(664)2441897 E: katrinkaiser.kk@gmail.com LABEL Katie Kay Music WEBDESIGN Philip Wildenauer - wildsolutions.at FOTOS Christoph Adamek PRESSEARBEIT Sonja Sagan RICHTLINIE DER WEBSITE Vorstellung der Singer-Songwriterin Kati Kaiser und ihrer Werke HAFTUNGSAUSSCHLUSS Im Hinblick auf die technischen Eigenschaften des Internet kann keine Gew\u00e4hr f\u00fcr die Authentizit\u00e4t, Richtigkeit [&hellip;]","og_url":"https:\/\/katikaiser.at\/?page_id=251","og_site_name":"Kati Kaiser","article_modified_time":"2021-01-30T08:51:58+00:00","twitter_card":"summary_large_image","twitter_misc":{"Gesch\u00e4tzte Lesezeit":"3\u00a0Minuten"},"schema":{"@context":"https:\/\/schema.org","@graph":[{"@type":"WebPage","@id":"https:\/\/katikaiser.at\/?page_id=251","url":"https:\/\/katikaiser.at\/?page_id=251","name":"Impressum - Kati Kaiser","isPartOf":{"@id":"https:\/\/katikaiser.at\/#website"},"datePublished":"2021-01-30T08:36:13+00:00","dateModified":"2021-01-30T08:51:58+00:00","breadcrumb":{"@id":"https:\/\/katikaiser.at\/?page_id=251#breadcrumb"},"inLanguage":"de","potentialAction":[{"@type":"ReadAction","target":["https:\/\/katikaiser.at\/?page_id=251"]}]},{"@type":"BreadcrumbList","@id":"https:\/\/katikaiser.at\/?page_id=251#breadcrumb","itemListElement":[{"@type":"ListItem","position":1,"name":"Startseite","item":"https:\/\/katikaiser.at\/"},{"@type":"ListItem","position":2,"name":"Impressum"}]},{"@type":"WebSite","@id":"https:\/\/katikaiser.at\/#website","url":"https:\/\/katikaiser.at\/","name":"Kati Kaiser","description":"Musican &amp; Singer","potentialAction":[{"@type":"SearchAction","target":{"@type":"EntryPoint","urlTemplate":"https:\/\/katikaiser.at\/?s={search_term_string}"},"query-input":{"@type":"PropertyValueSpecification","valueRequired":true,"valueName":"search_term_string"}}],"inLanguage":"de"}]}},"jetpack_sharing_enabled":true,"_links":{"self":[{"href":"https:\/\/katikaiser.at\/index.php?rest_route=\/wp\/v2\/pages\/251","targetHints":{"allow":["GET"]}}],"collection":[{"href":"https:\/\/katikaiser.at\/index.php?rest_route=\/wp\/v2\/pages"}],"about":[{"href":"https:\/\/katikaiser.at\/index.php?rest_route=\/wp\/v2\/types\/page"}],"author":[{"embeddable":true,"href":"https:\/\/katikaiser.at\/index.php?rest_route=\/wp\/v2\/users\/1"}],"replies":[{"embeddable":true,"href":"https:\/\/katikaiser.at\/index.php?rest_route=%2Fwp%2Fv2%2Fcomments&post=251"}],"version-history":[{"count":4,"href":"https:\/\/katikaiser.at\/index.php?rest_route=\/wp\/v2\/pages\/251\/revisions"}],"predecessor-version":[{"id":274,"href":"https:\/\/katikaiser.at\/index.php?rest_route=\/wp\/v2\/pages\/251\/revisions\/274"}],"wp:attachment":[{"href":"https:\/\/katikaiser.at\/index.php?rest_route=%2Fwp%2Fv2%2Fmedia&parent=251"}],"curies":[{"name":"wp","href":"https:\/\/api.w.org\/{rel}","templated":true}]}}